{"id":2125,"date":"2024-07-09T15:07:01","date_gmt":"2024-07-09T15:07:01","guid":{"rendered":"https:\/\/espiraldecor.pt\/wp\/?page_id=2125"},"modified":"2026-02-04T12:48:50","modified_gmt":"2026-02-04T12:48:50","slug":"coleccao-alize","status":"publish","type":"page","link":"https:\/\/espiraldecor.pt\/wp\/coleccao-alize\/","title":{"rendered":"Aliz\u00e9"},"content":{"rendered":"<div class=\"\" style=\"\" >\n    \n    <section class=\"u-align-center u-clearfix u-container-align-center u-section-2\" id=\"sec-3f26\">\n      <div class=\"u-clearfix u-sheet u-valign-middle-md u-valign-middle-xs u-sheet-1\">\n        <h2 class=\"u-align-center u-text u-text-1\">Colec\u00e7\u00e3o Aliz\u00e9<\/h2>\n        <div class=\"u-gallery u-layout-grid u-lightbox u-show-text-on-hover u-gallery-1\">\n          <div class=\"u-gallery-inner u-gallery-inner-1\">\n            <div class=\"u-effect-fade u-gallery-item\">\n              <div class=\"u-back-slide\" data-image-width=\"913\" data-image-height=\"1024\">\n                <img decoding=\"async\" class=\"u-back-image u-expanded\" src=\"https:\/\/espiraldecor.pt\/wp\/wp-content\/uploads\/2024\/07\/81729.jpg\">\n              <\/div>\n              <div class=\"u-container-align-center-xs u-over-slide u-shading u-over-slide-1\"><\/div>\n            <\/div>\n            <div class=\"u-effect-fade u-gallery-item\">\n              <div class=\"u-back-slide\" data-image-width=\"907\" data-image-height=\"1024\">\n                <img decoding=\"async\" class=\"u-back-image u-expanded\" src=\"https:\/\/espiraldecor.pt\/wp\/wp-content\/uploads\/2024\/07\/81734.jpg\">\n              <\/div>\n              <div class=\"u-container-align-center-xs u-over-slide u-shading u-over-slide-2\"><\/div>\n            <\/div>\n            <div class=\"u-effect-fade u-gallery-item\">\n              <div class=\"u-back-slide\" data-image-width=\"911\" data-image-height=\"1024\">\n                <img decoding=\"async\" class=\"u-back-image u-expanded\" src=\"https:\/\/espiraldecor.pt\/wp\/wp-content\/uploads\/2024\/07\/81819.jpg\">\n              <\/div>\n              <div class=\"u-container-align-center-xs u-over-slide u-shading u-over-slide-3\"><\/div>\n            <\/div>\n            <div class=\"u-effect-fade u-gallery-item\">\n              <div class=\"u-back-slide\" data-image-width=\"914\" data-image-height=\"1024\">\n                <img decoding=\"async\" class=\"u-back-image u-expanded\" src=\"https:\/\/espiraldecor.pt\/wp\/wp-content\/uploads\/2024\/07\/81823.jpg\">\n              <\/div>\n              <div class=\"u-container-align-center-xs u-over-slide u-shading u-over-slide-4\"><\/div>\n            <\/div>\n            <div class=\"u-effect-fade u-gallery-item\">\n              <div class=\"u-back-slide\" data-image-width=\"918\" data-image-height=\"1024\">\n                <img decoding=\"async\" class=\"u-back-image u-expanded\" src=\"https:\/\/espiraldecor.pt\/wp\/wp-content\/uploads\/2024\/07\/81825.jpg\">\n              <\/div>\n              <div class=\"u-container-align-center-xs u-over-slide u-shading u-over-slide-5\"><\/div>\n            <\/div>\n            <div class=\"u-effect-fade u-gallery-item\">\n              <div class=\"u-back-slide\" data-image-width=\"907\" data-image-height=\"1024\">\n                <img decoding=\"async\" class=\"u-back-image u-expanded\" src=\"https:\/\/espiraldecor.pt\/wp\/wp-content\/uploads\/2024\/07\/81835.jpg\">\n              <\/div>\n              <div class=\"u-container-align-center-xs u-over-slide u-shading u-over-slide-6\"><\/div>\n            <\/div>\n            <div class=\"u-effect-fade u-gallery-item\">\n              <div class=\"u-back-slide\" data-image-width=\"911\" data-image-height=\"1024\">\n                <img decoding=\"async\" class=\"u-back-image u-expanded\" src=\"https:\/\/espiraldecor.pt\/wp\/wp-content\/uploads\/2024\/07\/81836.jpg\">\n              <\/div>\n              <div class=\"u-container-align-center-xs u-over-slide u-shading u-over-slide-7\"><\/div>\n            <\/div>\n            <div class=\"u-effect-fade u-gallery-item\">\n              <div class=\"u-back-slide\" data-image-width=\"911\" data-image-height=\"1024\">\n                <img decoding=\"async\" class=\"u-back-image u-expanded\" src=\"https:\/\/espiraldecor.pt\/wp\/wp-content\/uploads\/2024\/07\/81847.jpg\">\n              <\/div>\n              <div class=\"u-container-align-center-xs u-over-slide u-shading u-over-slide-8\"><\/div>\n            <\/div>\n            <div class=\"u-effect-fade u-gallery-item\" data-image-width=\"911\" data-image-height=\"1024\">\n              <div class=\"u-back-slide\">\n                <img decoding=\"async\" class=\"u-back-image u-expanded\" src=\"https:\/\/espiraldecor.pt\/wp\/wp-content\/uploads\/2026\/02\/81852-2.jpg\">\n              <\/div>\n              <div class=\"u-container-align-center-xs u-over-slide u-shading u-over-slide-9\"><\/div>\n            <\/div>\n            <div class=\"u-effect-fade u-gallery-item\">\n              <div class=\"u-back-slide\" data-image-width=\"911\" data-image-height=\"1024\">\n                <img decoding=\"async\" class=\"u-back-image u-expanded\" src=\"https:\/\/espiraldecor.pt\/wp\/wp-content\/uploads\/2024\/07\/81853.jpg\">\n              <\/div>\n              <div class=\"u-container-align-center-xs u-over-slide u-shading u-over-slide-10\"><\/div>\n            <\/div>\n            <div class=\"u-effect-fade u-gallery-item\">\n              <div class=\"u-back-slide\" data-image-width=\"913\" data-image-height=\"1024\">\n                <img decoding=\"async\" class=\"u-back-image u-expanded\" src=\"https:\/\/espiraldecor.pt\/wp\/wp-content\/uploads\/2024\/07\/81854.jpg\">\n              <\/div>\n              <div class=\"u-container-align-center-xs u-over-slide u-shading u-over-slide-11\"><\/div>\n            <\/div>\n            <div class=\"u-effect-fade u-gallery-item\">\n              <div class=\"u-back-slide\" data-image-width=\"918\" data-image-height=\"1024\">\n                <img decoding=\"async\" class=\"u-back-image u-expanded\" src=\"https:\/\/espiraldecor.pt\/wp\/wp-content\/uploads\/2024\/07\/81855.jpg\">\n              <\/div>\n              <div class=\"u-container-align-center-xs u-over-slide u-shading u-over-slide-12\"><\/div>\n            <\/div>\n            <div class=\"u-effect-fade u-gallery-item\">\n              <div class=\"u-back-slide\" data-image-width=\"916\" data-image-height=\"1024\">\n                <img decoding=\"async\" class=\"u-back-image u-expanded\" src=\"https:\/\/espiraldecor.pt\/wp\/wp-content\/uploads\/2024\/07\/81856.jpg\">\n              <\/div>\n              <div class=\"u-container-align-center-xs u-over-slide u-shading u-over-slide-13\"><\/div>\n            <\/div>\n          <\/div>\n        <\/div>\n      <\/div>\n    <\/section>\n    \n    \n    \n  \n<\/div>","protected":false},"excerpt":{"rendered":"<p>Colec\u00e7\u00e3o Aliz\u00e9<\/p>\n","protected":false},"author":2,"featured_media":0,"parent":0,"menu_order":0,"comment_status":"closed","ping_status":"closed","template":"","meta":{"footnotes":""},"class_list":["post-2125","page","type-page","status-publish","hentry"],"_links":{"self":[{"href":"https:\/\/espiraldecor.pt\/wp\/wp-json\/wp\/v2\/pages\/2125","targetHints":{"allow":["GET"]}}],"collection":[{"href":"https:\/\/espiraldecor.pt\/wp\/wp-json\/wp\/v2\/pages"}],"about":[{"href":"https:\/\/espiraldecor.pt\/wp\/wp-json\/wp\/v2\/types\/page"}],"author":[{"embeddable":true,"href":"https:\/\/espiraldecor.pt\/wp\/wp-json\/wp\/v2\/users\/2"}],"replies":[{"embeddable":true,"href":"https:\/\/espiraldecor.pt\/wp\/wp-json\/wp\/v2\/comments?post=2125"}],"version-history":[{"count":4,"href":"https:\/\/espiraldecor.pt\/wp\/wp-json\/wp\/v2\/pages\/2125\/revisions"}],"predecessor-version":[{"id":4721,"href":"https:\/\/espiraldecor.pt\/wp\/wp-json\/wp\/v2\/pages\/2125\/revisions\/4721"}],"wp:attachment":[{"href":"https:\/\/espiraldecor.pt\/wp\/wp-json\/wp\/v2\/media?parent=2125"}],"curies":[{"name":"wp","href":"https:\/\/api.w.org\/{rel}","templated":true}]}}